{"id":55,"date":"2023-01-26T13:01:07","date_gmt":"2023-01-26T13:01:07","guid":{"rendered":"https:\/\/stimbergpark.de\/?page_id=55"},"modified":"2025-10-23T08:30:28","modified_gmt":"2025-10-23T08:30:28","slug":"veranstaltungen","status":"publish","type":"page","link":"https:\/\/stimbergpark.de\/?page_id=55","title":{"rendered":"Veranstaltungen"},"content":{"rendered":"\t\t<div data-elementor-type=\"wp-page\" data-elementor-id=\"55\" class=\"elementor elementor-55\" data-elementor-post-type=\"page\">\n\t\t\t\t<div class=\"elementor-element elementor-element-c3c3634 e-flex e-con-boxed e-con e-parent\" data-id=\"c3c3634\" data-element_type=\"container\" data-e-type=\"container\">\n\t\t\t\t\t<div class=\"e-con-inner\">\n\t\t<div class=\"elementor-element elementor-element-4f529fa e-con-full e-flex e-con e-child\" data-id=\"4f529fa\" data-element_type=\"container\" data-e-type=\"container\">\n\t\t\t\t<div class=\"elementor-element elementor-element-e56390d elementor-invisible elementor-widget elementor-widget-heading\" data-id=\"e56390d\" data-element_type=\"widget\" data-e-type=\"widget\" data-settings=\"{&quot;_animation&quot;:&quot;fadeInLeft&quot;}\" data-widget_type=\"heading.default\">\n\t\t\t\t<div class=\"elementor-widget-container\">\n\t\t\t\t\t<h2 class=\"elementor-heading-title elementor-size-default\">Unsere Seminarr\u00e4ume<\/h2>\t\t\t\t<\/div>\n\t\t\t\t<\/div>\n\t\t\t\t<\/div>\n\t\t\t\t\t<\/div>\n\t\t\t\t<\/div>\n\t\t\t\t<section class=\"elementor-section elementor-top-section elementor-element elementor-element-2e4c5f0 elementor-section-boxed elementor-section-height-default elementor-section-height-default\" data-id=\"2e4c5f0\" data-element_type=\"section\" data-e-type=\"section\">\n\t\t\t\t\t\t<div class=\"elementor-container elementor-column-gap-default\">\n\t\t\t\t\t<div class=\"elementor-column elementor-col-100 elementor-top-column elementor-element elementor-element-03e7feb\" data-id=\"03e7feb\" data-element_type=\"column\" data-e-type=\"column\">\n\t\t\t<div class=\"elementor-widget-wrap elementor-element-populated\">\n\t\t\t\t\t\t<div class=\"elementor-element elementor-element-17edd35 elementor-invisible elementor-widget elementor-widget-text-editor\" data-id=\"17edd35\" data-element_type=\"widget\" data-e-type=\"widget\" data-settings=\"{&quot;_animation&quot;:&quot;fadeInRight&quot;}\" data-widget_type=\"text-editor.default\">\n\t\t\t\t<div class=\"elementor-widget-container\">\n\t\t\t\t\t\t\t\t\t<p>Zu unserem Haus geh\u00f6ren 2 Tagungsr\u00e4ume (max. 480 qm) die Raum f\u00fcr bis zu 450 Personen bieten.<\/p><p>Wir unterbreiten Ihnen in einem pers\u00f6nlichen Gespr\u00e4ch gerne bew\u00e4hrte sowie individuelle Planungsvorschl\u00e4ge.<\/p><p>Anfragen gerne per Mail an: hotel@stimbergpark.de<\/p>\t\t\t\t\t\t\t\t<\/div>\n\t\t\t\t<\/div>\n\t\t\t\t\t<\/div>\n\t\t<\/div>\n\t\t\t\t\t<\/div>\n\t\t<\/section>\n\t\t\t\t<section class=\"elementor-section elementor-top-section elementor-element elementor-element-e9876e8 elementor-section-boxed elementor-section-height-default elementor-section-height-default\" data-id=\"e9876e8\" data-element_type=\"section\" data-e-type=\"section\">\n\t\t\t\t\t\t<div class=\"elementor-container elementor-column-gap-default\">\n\t\t\t\t\t<div class=\"elementor-column elementor-col-50 elementor-top-column elementor-element elementor-element-0f4603e elementor-invisible\" data-id=\"0f4603e\" data-element_type=\"column\" data-e-type=\"column\" data-settings=\"{&quot;animation&quot;:&quot;fadeInLeft&quot;}\">\n\t\t\t<div class=\"elementor-widget-wrap elementor-element-populated\">\n\t\t\t\t\t\t<div class=\"elementor-element elementor-element-2f4d892 elementor-widget elementor-widget-heading\" data-id=\"2f4d892\" data-element_type=\"widget\" data-e-type=\"widget\" data-widget_type=\"heading.default\">\n\t\t\t\t<div class=\"elementor-widget-container\">\n\t\t\t\t\t<h2 class=\"elementor-heading-title elementor-size-default\">Veranstaltungssaal 1<\/h2>\t\t\t\t<\/div>\n\t\t\t\t<\/div>\n\t\t\t\t<div class=\"elementor-element elementor-element-5c0637c elementor-widget elementor-widget-image\" data-id=\"5c0637c\" data-element_type=\"widget\" data-e-type=\"widget\" data-widget_type=\"image.default\">\n\t\t\t\t<div class=\"elementor-widget-container\">\n\t\t\t\t\t\t\t\t\t\t\t\t\t\t\t<img fetchpriority=\"high\" decoding=\"async\" width=\"800\" height=\"514\" src=\"https:\/\/stimbergpark.de\/wp-content\/uploads\/2024\/01\/2024_Veranstaltungen-8-1024x658.webp\" class=\"attachment-large size-large wp-image-715\" alt=\"\" srcset=\"https:\/\/stimbergpark.de\/wp-content\/uploads\/2024\/01\/2024_Veranstaltungen-8-1024x658.webp 1024w, https:\/\/stimbergpark.de\/wp-content\/uploads\/2024\/01\/2024_Veranstaltungen-8-300x193.webp 300w, https:\/\/stimbergpark.de\/wp-content\/uploads\/2024\/01\/2024_Veranstaltungen-8-768x494.webp 768w, https:\/\/stimbergpark.de\/wp-content\/uploads\/2024\/01\/2024_Veranstaltungen-8.webp 1400w\" sizes=\"(max-width: 800px) 100vw, 800px\" \/>\t\t\t\t\t\t\t\t\t\t\t\t\t\t\t<\/div>\n\t\t\t\t<\/div>\n\t\t\t\t\t<\/div>\n\t\t<\/div>\n\t\t\t\t<div class=\"elementor-column elementor-col-50 elementor-top-column elementor-element elementor-element-bec06b9 elementor-invisible\" data-id=\"bec06b9\" data-element_type=\"column\" data-e-type=\"column\" data-settings=\"{&quot;animation&quot;:&quot;fadeInRight&quot;}\">\n\t\t\t<div class=\"elementor-widget-wrap elementor-element-populated\">\n\t\t\t\t\t\t<div class=\"elementor-element elementor-element-cea57e3 elementor-widget elementor-widget-heading\" data-id=\"cea57e3\" data-element_type=\"widget\" data-e-type=\"widget\" data-widget_type=\"heading.default\">\n\t\t\t\t<div class=\"elementor-widget-container\">\n\t\t\t\t\t<h2 class=\"elementor-heading-title elementor-size-default\">Veranstaltungssaal 2 (seit 2022)<\/h2>\t\t\t\t<\/div>\n\t\t\t\t<\/div>\n\t\t\t\t<div class=\"elementor-element elementor-element-3f75ab3 elementor-widget elementor-widget-image\" data-id=\"3f75ab3\" data-element_type=\"widget\" data-e-type=\"widget\" data-widget_type=\"image.default\">\n\t\t\t\t<div class=\"elementor-widget-container\">\n\t\t\t\t\t\t\t\t\t\t\t\t\t\t\t<img decoding=\"async\" width=\"800\" height=\"514\" src=\"https:\/\/stimbergpark.de\/wp-content\/uploads\/2024\/01\/2024_Veranstaltungen-12-1024x658.webp\" class=\"attachment-large size-large wp-image-719\" alt=\"\" srcset=\"https:\/\/stimbergpark.de\/wp-content\/uploads\/2024\/01\/2024_Veranstaltungen-12-1024x658.webp 1024w, https:\/\/stimbergpark.de\/wp-content\/uploads\/2024\/01\/2024_Veranstaltungen-12-300x193.webp 300w, https:\/\/stimbergpark.de\/wp-content\/uploads\/2024\/01\/2024_Veranstaltungen-12-768x494.webp 768w, https:\/\/stimbergpark.de\/wp-content\/uploads\/2024\/01\/2024_Veranstaltungen-12.webp 1400w\" sizes=\"(max-width: 800px) 100vw, 800px\" \/>\t\t\t\t\t\t\t\t\t\t\t\t\t\t\t<\/div>\n\t\t\t\t<\/div>\n\t\t\t\t\t<\/div>\n\t\t<\/div>\n\t\t\t\t\t<\/div>\n\t\t<\/section>\n\t\t\t\t<section class=\"elementor-section elementor-top-section elementor-element elementor-element-a5e3e14 elementor-section-boxed elementor-section-height-default elementor-section-height-default\" data-id=\"a5e3e14\" data-element_type=\"section\" data-e-type=\"section\">\n\t\t\t\t\t\t<div class=\"elementor-container elementor-column-gap-default\">\n\t\t\t\t\t<div class=\"elementor-column elementor-col-100 elementor-top-column elementor-element elementor-element-2a62e5e\" data-id=\"2a62e5e\" data-element_type=\"column\" data-e-type=\"column\">\n\t\t\t<div class=\"elementor-widget-wrap\">\n\t\t\t\t\t\t\t<\/div>\n\t\t<\/div>\n\t\t\t\t\t<\/div>\n\t\t<\/section>\n\t\t<div class=\"elementor-element elementor-element-5774db8 e-flex e-con-boxed e-con e-parent\" data-id=\"5774db8\" data-element_type=\"container\" data-e-type=\"container\">\n\t\t\t\t\t<div class=\"e-con-inner\">\n\t\t<div class=\"elementor-element elementor-element-70fb28e e-con-full e-flex elementor-invisible e-con e-child\" data-id=\"70fb28e\" data-element_type=\"container\" data-e-type=\"container\" data-settings=\"{&quot;animation&quot;:&quot;fadeInLeft&quot;}\">\n\t\t\t\t<div class=\"elementor-element elementor-element-8a07475 elementor-widget elementor-widget-heading\" data-id=\"8a07475\" data-element_type=\"widget\" data-e-type=\"widget\" data-widget_type=\"heading.default\">\n\t\t\t\t<div class=\"elementor-widget-container\">\n\t\t\t\t\t<h2 class=\"elementor-heading-title elementor-size-default\">Circus &amp; Kirmes Ausstellung<\/h2>\t\t\t\t<\/div>\n\t\t\t\t<\/div>\n\t\t\t\t<div class=\"elementor-element elementor-element-6b17e32 elementor-widget elementor-widget-image\" data-id=\"6b17e32\" data-element_type=\"widget\" data-e-type=\"widget\" data-widget_type=\"image.default\">\n\t\t\t\t<div class=\"elementor-widget-container\">\n\t\t\t\t\t\t\t\t\t\t\t\t\t\t\t<img decoding=\"async\" width=\"700\" height=\"466\" src=\"https:\/\/stimbergpark.de\/wp-content\/uploads\/2023\/02\/2023_Kirmes.jpg\" class=\"attachment-large size-large wp-image-280\" alt=\"\" srcset=\"https:\/\/stimbergpark.de\/wp-content\/uploads\/2023\/02\/2023_Kirmes.jpg 700w, https:\/\/stimbergpark.de\/wp-content\/uploads\/2023\/02\/2023_Kirmes-300x200.jpg 300w\" sizes=\"(max-width: 700px) 100vw, 700px\" \/>\t\t\t\t\t\t\t\t\t\t\t\t\t\t\t<\/div>\n\t\t\t\t<\/div>\n\t\t\t\t<div class=\"elementor-element elementor-element-fb5d443 elementor-widget elementor-widget-text-editor\" data-id=\"fb5d443\" data-element_type=\"widget\" data-e-type=\"widget\" data-widget_type=\"text-editor.default\">\n\t\t\t\t<div class=\"elementor-widget-container\">\n\t\t\t\t\t\t\t\t\t<p>Seit mehr als 20 Jahren findet in jedem Herbst die sehr bekannte und beliebte Circus &amp; Kirmes Modellbau Ausstellung im Stimbergpark Hotel statt.\u00a0<\/p><p>Hier werden zahlreiche Circus- und Kirmesmodellen in den unterschiedlichsten Ma\u00dfst\u00e4ben gezeigt.\u00a0<\/p><p>Durch unsere neuen R\u00e4umlichkeiten konnte die Ausstellung im Jahr 2022 auf zwei Ausstellungsr\u00e4ume erweitert werden.<\/p>\t\t\t\t\t\t\t\t<\/div>\n\t\t\t\t<\/div>\n\t\t\t\t<\/div>\n\t\t<div class=\"elementor-element elementor-element-4627e5a e-con-full e-flex elementor-invisible e-con e-child\" data-id=\"4627e5a\" data-element_type=\"container\" data-e-type=\"container\" data-settings=\"{&quot;animation&quot;:&quot;fadeInRight&quot;}\">\n\t\t\t\t<div class=\"elementor-element elementor-element-d46414d elementor-widget elementor-widget-heading\" data-id=\"d46414d\" data-element_type=\"widget\" data-e-type=\"widget\" data-widget_type=\"heading.default\">\n\t\t\t\t<div class=\"elementor-widget-container\">\n\t\t\t\t\t<h2 class=\"elementor-heading-title elementor-size-default\">Hundeveranstaltungen<\/h2>\t\t\t\t<\/div>\n\t\t\t\t<\/div>\n\t\t\t\t<div class=\"elementor-element elementor-element-0d71013 elementor-widget elementor-widget-image\" data-id=\"0d71013\" data-element_type=\"widget\" data-e-type=\"widget\" data-widget_type=\"image.default\">\n\t\t\t\t<div class=\"elementor-widget-container\">\n\t\t\t\t\t\t\t\t\t\t\t\t\t\t\t<img loading=\"lazy\" decoding=\"async\" width=\"700\" height=\"466\" src=\"https:\/\/stimbergpark.de\/wp-content\/uploads\/2023\/02\/icc.jpg\" class=\"attachment-large size-large wp-image-269\" alt=\"\" srcset=\"https:\/\/stimbergpark.de\/wp-content\/uploads\/2023\/02\/icc.jpg 700w, https:\/\/stimbergpark.de\/wp-content\/uploads\/2023\/02\/icc-300x200.jpg 300w\" sizes=\"(max-width: 700px) 100vw, 700px\" \/>\t\t\t\t\t\t\t\t\t\t\t\t\t\t\t<\/div>\n\t\t\t\t<\/div>\n\t\t\t\t<div class=\"elementor-element elementor-element-9643529 elementor-widget elementor-widget-text-editor\" data-id=\"9643529\" data-element_type=\"widget\" data-e-type=\"widget\" data-widget_type=\"text-editor.default\">\n\t\t\t\t<div class=\"elementor-widget-container\">\n\t\t\t\t\t\t\t\t\t<p>Sie finden bei uns auch die M\u00f6glichkeit sich f\u00fcr <strong>Spazierg\u00e4nge<\/strong> mit gleichgesinnten zu verabreden.<\/p><p>Die *\u201eHaard\u201c beginnt direkt hinter unserem Haus und l\u00e4dt zu ausgedehnten Spazierg\u00e4ngen ein, auch ausreichend <strong>Parkpl\u00e4tze<\/strong> sind vor unserem Haus vorhanden.<\/p><p><em>*(Haard: <\/em><em>Die Haard ist ein Waldgebiet im n\u00f6rdlichen Ruhrgebiet an der Grenze zum M\u00fcnsterland. Als Teil des Naturparks Hohe Mark ist die Haard ein beliebtes Ausflugsziel. Mit einer Gesamtwaldfl\u00e4che von etwa 5.500 Hektar ist sie neben der Hohen Mark das gr\u00f6\u00dfte geschlossene Waldgebiet dieser Teilregion.)<\/em><\/p>\t\t\t\t\t\t\t\t<\/div>\n\t\t\t\t<\/div>\n\t\t\t\t<\/div>\n\t\t\t\t\t<\/div>\n\t\t\t\t<\/div>\n\t\t<div class=\"elementor-element elementor-element-b9e0d2f e-flex e-con-boxed e-con e-parent\" data-id=\"b9e0d2f\" data-element_type=\"container\" data-e-type=\"container\">\n\t\t\t\t\t<div class=\"e-con-inner\">\n\t\t\t\t<div class=\"elementor-element elementor-element-d716c60 elementor-widget elementor-widget-heading\" data-id=\"d716c60\" data-element_type=\"widget\" data-e-type=\"widget\" data-widget_type=\"heading.default\">\n\t\t\t\t<div class=\"elementor-widget-container\">\n\t\t\t\t\t<h2 class=\"elementor-heading-title elementor-size-default\">Impressionen von diversen Veranstaltungen<\/h2>\t\t\t\t<\/div>\n\t\t\t\t<\/div>\n\t\t\t\t\t<\/div>\n\t\t\t\t<\/div>\n\t\t<div class=\"elementor-element elementor-element-deb1550 e-flex e-con-boxed e-con e-parent\" data-id=\"deb1550\" data-element_type=\"container\" data-e-type=\"container\">\n\t\t\t\t\t<div class=\"e-con-inner\">\n\t\t\t\t<div class=\"elementor-element elementor-element-2285879 elementor-widget elementor-widget-gallery\" data-id=\"2285879\" data-element_type=\"widget\" data-e-type=\"widget\" data-settings=\"{&quot;lazyload&quot;:&quot;yes&quot;,&quot;gallery_layout&quot;:&quot;grid&quot;,&quot;columns&quot;:4,&quot;columns_tablet&quot;:2,&quot;columns_mobile&quot;:1,&quot;gap&quot;:{&quot;unit&quot;:&quot;px&quot;,&quot;size&quot;:10,&quot;sizes&quot;:[]},&quot;gap_tablet&quot;:{&quot;unit&quot;:&quot;px&quot;,&quot;size&quot;:10,&quot;sizes&quot;:[]},&quot;gap_mobile&quot;:{&quot;unit&quot;:&quot;px&quot;,&quot;size&quot;:10,&quot;sizes&quot;:[]},&quot;link_to&quot;:&quot;file&quot;,&quot;aspect_ratio&quot;:&quot;3:2&quot;,&quot;overlay_background&quot;:&quot;yes&quot;,&quot;content_hover_animation&quot;:&quot;fade-in&quot;}\" data-widget_type=\"gallery.default\">\n\t\t\t\t<div class=\"elementor-widget-container\">\n\t\t\t\t\t\t\t<div class=\"elementor-gallery__container\">\n\t\t\t\t\t\t\t<a class=\"e-gallery-item elementor-gallery-item elementor-animated-content\" href=\"https:\/\/stimbergpark.de\/wp-content\/uploads\/2024\/01\/2024_Veranstaltungen-13.webp\" data-elementor-open-lightbox=\"yes\" data-elementor-lightbox-slideshow=\"2285879\" data-elementor-lightbox-title=\"2024_Veranstaltungen-13\" data-e-action-hash=\"#elementor-action%3Aaction%3Dlightbox%26settings%3DeyJpZCI6NzIwLCJ1cmwiOiJodHRwczpcL1wvc3RpbWJlcmdwYXJrLmRlXC93cC1jb250ZW50XC91cGxvYWRzXC8yMDI0XC8wMVwvMjAyNF9WZXJhbnN0YWx0dW5nZW4tMTMud2VicCIsInNsaWRlc2hvdyI6IjIyODU4NzkifQ%3D%3D\">\n\t\t\t\t\t<div class=\"e-gallery-image elementor-gallery-item__image\" data-thumbnail=\"https:\/\/stimbergpark.de\/wp-content\/uploads\/2024\/01\/2024_Veranstaltungen-13-300x193.webp\" data-width=\"300\" data-height=\"193\" aria-label=\"\" role=\"img\" ><\/div>\n\t\t\t\t\t\t\t\t\t\t\t<div class=\"elementor-gallery-item__overlay\"><\/div>\n\t\t\t\t\t\t\t\t\t\t\t\t\t\t<\/a>\n\t\t\t\t\t\t\t<a class=\"e-gallery-item elementor-gallery-item elementor-animated-content\" href=\"https:\/\/stimbergpark.de\/wp-content\/uploads\/2024\/01\/2024_Veranstaltungen-11.webp\" data-elementor-open-lightbox=\"yes\" data-elementor-lightbox-slideshow=\"2285879\" data-elementor-lightbox-title=\"2024_Veranstaltungen-11\" data-e-action-hash=\"#elementor-action%3Aaction%3Dlightbox%26settings%3DeyJpZCI6NzE4LCJ1cmwiOiJodHRwczpcL1wvc3RpbWJlcmdwYXJrLmRlXC93cC1jb250ZW50XC91cGxvYWRzXC8yMDI0XC8wMVwvMjAyNF9WZXJhbnN0YWx0dW5nZW4tMTEud2VicCIsInNsaWRlc2hvdyI6IjIyODU4NzkifQ%3D%3D\">\n\t\t\t\t\t<div class=\"e-gallery-image elementor-gallery-item__image\" data-thumbnail=\"https:\/\/stimbergpark.de\/wp-content\/uploads\/2024\/01\/2024_Veranstaltungen-11-300x193.webp\" data-width=\"300\" data-height=\"193\" aria-label=\"\" role=\"img\" ><\/div>\n\t\t\t\t\t\t\t\t\t\t\t<div class=\"elementor-gallery-item__overlay\"><\/div>\n\t\t\t\t\t\t\t\t\t\t\t\t\t\t<\/a>\n\t\t\t\t\t\t\t<a class=\"e-gallery-item elementor-gallery-item elementor-animated-content\" href=\"https:\/\/stimbergpark.de\/wp-content\/uploads\/2024\/01\/2024_Veranstaltungen-10.webp\" data-elementor-open-lightbox=\"yes\" data-elementor-lightbox-slideshow=\"2285879\" data-elementor-lightbox-title=\"2024_Veranstaltungen-10\" data-e-action-hash=\"#elementor-action%3Aaction%3Dlightbox%26settings%3DeyJpZCI6NzE3LCJ1cmwiOiJodHRwczpcL1wvc3RpbWJlcmdwYXJrLmRlXC93cC1jb250ZW50XC91cGxvYWRzXC8yMDI0XC8wMVwvMjAyNF9WZXJhbnN0YWx0dW5nZW4tMTAud2VicCIsInNsaWRlc2hvdyI6IjIyODU4NzkifQ%3D%3D\">\n\t\t\t\t\t<div class=\"e-gallery-image elementor-gallery-item__image\" data-thumbnail=\"https:\/\/stimbergpark.de\/wp-content\/uploads\/2024\/01\/2024_Veranstaltungen-10-300x193.webp\" data-width=\"300\" data-height=\"193\" aria-label=\"\" role=\"img\" ><\/div>\n\t\t\t\t\t\t\t\t\t\t\t<div class=\"elementor-gallery-item__overlay\"><\/div>\n\t\t\t\t\t\t\t\t\t\t\t\t\t\t<\/a>\n\t\t\t\t\t\t\t<a class=\"e-gallery-item elementor-gallery-item elementor-animated-content\" href=\"https:\/\/stimbergpark.de\/wp-content\/uploads\/2024\/01\/2024_Veranstaltungen-9.webp\" data-elementor-open-lightbox=\"yes\" data-elementor-lightbox-slideshow=\"2285879\" data-elementor-lightbox-title=\"2024_Veranstaltungen-9\" data-e-action-hash=\"#elementor-action%3Aaction%3Dlightbox%26settings%3DeyJpZCI6NzE2LCJ1cmwiOiJodHRwczpcL1wvc3RpbWJlcmdwYXJrLmRlXC93cC1jb250ZW50XC91cGxvYWRzXC8yMDI0XC8wMVwvMjAyNF9WZXJhbnN0YWx0dW5nZW4tOS53ZWJwIiwic2xpZGVzaG93IjoiMjI4NTg3OSJ9\">\n\t\t\t\t\t<div class=\"e-gallery-image elementor-gallery-item__image\" data-thumbnail=\"https:\/\/stimbergpark.de\/wp-content\/uploads\/2024\/01\/2024_Veranstaltungen-9-300x193.webp\" data-width=\"300\" data-height=\"193\" aria-label=\"\" role=\"img\" ><\/div>\n\t\t\t\t\t\t\t\t\t\t\t<div class=\"elementor-gallery-item__overlay\"><\/div>\n\t\t\t\t\t\t\t\t\t\t\t\t\t\t<\/a>\n\t\t\t\t\t\t\t<a class=\"e-gallery-item elementor-gallery-item elementor-animated-content\" href=\"https:\/\/stimbergpark.de\/wp-content\/uploads\/2024\/01\/2024_Veranstaltungen-8.webp\" data-elementor-open-lightbox=\"yes\" data-elementor-lightbox-slideshow=\"2285879\" data-elementor-lightbox-title=\"2024_Veranstaltungen-8\" data-e-action-hash=\"#elementor-action%3Aaction%3Dlightbox%26settings%3DeyJpZCI6NzE1LCJ1cmwiOiJodHRwczpcL1wvc3RpbWJlcmdwYXJrLmRlXC93cC1jb250ZW50XC91cGxvYWRzXC8yMDI0XC8wMVwvMjAyNF9WZXJhbnN0YWx0dW5nZW4tOC53ZWJwIiwic2xpZGVzaG93IjoiMjI4NTg3OSJ9\">\n\t\t\t\t\t<div class=\"e-gallery-image elementor-gallery-item__image\" data-thumbnail=\"https:\/\/stimbergpark.de\/wp-content\/uploads\/2024\/01\/2024_Veranstaltungen-8-300x193.webp\" data-width=\"300\" data-height=\"193\" aria-label=\"\" role=\"img\" ><\/div>\n\t\t\t\t\t\t\t\t\t\t\t<div class=\"elementor-gallery-item__overlay\"><\/div>\n\t\t\t\t\t\t\t\t\t\t\t\t\t\t<\/a>\n\t\t\t\t\t\t\t<a class=\"e-gallery-item elementor-gallery-item elementor-animated-content\" href=\"https:\/\/stimbergpark.de\/wp-content\/uploads\/2024\/01\/2024_Veranstaltungen-7.webp\" data-elementor-open-lightbox=\"yes\" data-elementor-lightbox-slideshow=\"2285879\" data-elementor-lightbox-title=\"2024_Veranstaltungen-7\" data-e-action-hash=\"#elementor-action%3Aaction%3Dlightbox%26settings%3DeyJpZCI6NzE0LCJ1cmwiOiJodHRwczpcL1wvc3RpbWJlcmdwYXJrLmRlXC93cC1jb250ZW50XC91cGxvYWRzXC8yMDI0XC8wMVwvMjAyNF9WZXJhbnN0YWx0dW5nZW4tNy53ZWJwIiwic2xpZGVzaG93IjoiMjI4NTg3OSJ9\">\n\t\t\t\t\t<div class=\"e-gallery-image elementor-gallery-item__image\" data-thumbnail=\"https:\/\/stimbergpark.de\/wp-content\/uploads\/2024\/01\/2024_Veranstaltungen-7-300x193.webp\" data-width=\"300\" data-height=\"193\" aria-label=\"\" role=\"img\" ><\/div>\n\t\t\t\t\t\t\t\t\t\t\t<div class=\"elementor-gallery-item__overlay\"><\/div>\n\t\t\t\t\t\t\t\t\t\t\t\t\t\t<\/a>\n\t\t\t\t\t\t\t<a class=\"e-gallery-item elementor-gallery-item elementor-animated-content\" href=\"https:\/\/stimbergpark.de\/wp-content\/uploads\/2024\/01\/2024_Veranstaltungen-6.webp\" data-elementor-open-lightbox=\"yes\" data-elementor-lightbox-slideshow=\"2285879\" data-elementor-lightbox-title=\"2024_Veranstaltungen-6\" data-e-action-hash=\"#elementor-action%3Aaction%3Dlightbox%26settings%3DeyJpZCI6NzEzLCJ1cmwiOiJodHRwczpcL1wvc3RpbWJlcmdwYXJrLmRlXC93cC1jb250ZW50XC91cGxvYWRzXC8yMDI0XC8wMVwvMjAyNF9WZXJhbnN0YWx0dW5nZW4tNi53ZWJwIiwic2xpZGVzaG93IjoiMjI4NTg3OSJ9\">\n\t\t\t\t\t<div class=\"e-gallery-image elementor-gallery-item__image\" data-thumbnail=\"https:\/\/stimbergpark.de\/wp-content\/uploads\/2024\/01\/2024_Veranstaltungen-6-300x193.webp\" data-width=\"300\" data-height=\"193\" aria-label=\"\" role=\"img\" ><\/div>\n\t\t\t\t\t\t\t\t\t\t\t<div class=\"elementor-gallery-item__overlay\"><\/div>\n\t\t\t\t\t\t\t\t\t\t\t\t\t\t<\/a>\n\t\t\t\t\t\t\t<a class=\"e-gallery-item elementor-gallery-item elementor-animated-content\" href=\"https:\/\/stimbergpark.de\/wp-content\/uploads\/2024\/01\/2024_Veranstaltungen-5.webp\" data-elementor-open-lightbox=\"yes\" data-elementor-lightbox-slideshow=\"2285879\" data-elementor-lightbox-title=\"2024_Veranstaltungen-5\" data-e-action-hash=\"#elementor-action%3Aaction%3Dlightbox%26settings%3DeyJpZCI6NzEyLCJ1cmwiOiJodHRwczpcL1wvc3RpbWJlcmdwYXJrLmRlXC93cC1jb250ZW50XC91cGxvYWRzXC8yMDI0XC8wMVwvMjAyNF9WZXJhbnN0YWx0dW5nZW4tNS53ZWJwIiwic2xpZGVzaG93IjoiMjI4NTg3OSJ9\">\n\t\t\t\t\t<div class=\"e-gallery-image elementor-gallery-item__image\" data-thumbnail=\"https:\/\/stimbergpark.de\/wp-content\/uploads\/2024\/01\/2024_Veranstaltungen-5-300x193.webp\" data-width=\"300\" data-height=\"193\" aria-label=\"\" role=\"img\" ><\/div>\n\t\t\t\t\t\t\t\t\t\t\t<div class=\"elementor-gallery-item__overlay\"><\/div>\n\t\t\t\t\t\t\t\t\t\t\t\t\t\t<\/a>\n\t\t\t\t\t\t\t<a class=\"e-gallery-item elementor-gallery-item elementor-animated-content\" href=\"https:\/\/stimbergpark.de\/wp-content\/uploads\/2024\/01\/2024_Veranstaltungen-4.webp\" data-elementor-open-lightbox=\"yes\" data-elementor-lightbox-slideshow=\"2285879\" data-elementor-lightbox-title=\"2024_Veranstaltungen-4\" data-e-action-hash=\"#elementor-action%3Aaction%3Dlightbox%26settings%3DeyJpZCI6NzExLCJ1cmwiOiJodHRwczpcL1wvc3RpbWJlcmdwYXJrLmRlXC93cC1jb250ZW50XC91cGxvYWRzXC8yMDI0XC8wMVwvMjAyNF9WZXJhbnN0YWx0dW5nZW4tNC53ZWJwIiwic2xpZGVzaG93IjoiMjI4NTg3OSJ9\">\n\t\t\t\t\t<div class=\"e-gallery-image elementor-gallery-item__image\" data-thumbnail=\"https:\/\/stimbergpark.de\/wp-content\/uploads\/2024\/01\/2024_Veranstaltungen-4-300x193.webp\" data-width=\"300\" data-height=\"193\" aria-label=\"\" role=\"img\" ><\/div>\n\t\t\t\t\t\t\t\t\t\t\t<div class=\"elementor-gallery-item__overlay\"><\/div>\n\t\t\t\t\t\t\t\t\t\t\t\t\t\t<\/a>\n\t\t\t\t\t\t\t<a class=\"e-gallery-item elementor-gallery-item elementor-animated-content\" href=\"https:\/\/stimbergpark.de\/wp-content\/uploads\/2024\/01\/2024_Veranstaltungen-3.webp\" data-elementor-open-lightbox=\"yes\" data-elementor-lightbox-slideshow=\"2285879\" data-elementor-lightbox-title=\"2024_Veranstaltungen-3\" data-e-action-hash=\"#elementor-action%3Aaction%3Dlightbox%26settings%3DeyJpZCI6NzEwLCJ1cmwiOiJodHRwczpcL1wvc3RpbWJlcmdwYXJrLmRlXC93cC1jb250ZW50XC91cGxvYWRzXC8yMDI0XC8wMVwvMjAyNF9WZXJhbnN0YWx0dW5nZW4tMy53ZWJwIiwic2xpZGVzaG93IjoiMjI4NTg3OSJ9\">\n\t\t\t\t\t<div class=\"e-gallery-image elementor-gallery-item__image\" data-thumbnail=\"https:\/\/stimbergpark.de\/wp-content\/uploads\/2024\/01\/2024_Veranstaltungen-3-300x193.webp\" data-width=\"300\" data-height=\"193\" aria-label=\"\" role=\"img\" ><\/div>\n\t\t\t\t\t\t\t\t\t\t\t<div class=\"elementor-gallery-item__overlay\"><\/div>\n\t\t\t\t\t\t\t\t\t\t\t\t\t\t<\/a>\n\t\t\t\t\t\t\t<a class=\"e-gallery-item elementor-gallery-item elementor-animated-content\" href=\"https:\/\/stimbergpark.de\/wp-content\/uploads\/2024\/01\/2024_Veranstaltungen-2.webp\" data-elementor-open-lightbox=\"yes\" data-elementor-lightbox-slideshow=\"2285879\" data-elementor-lightbox-title=\"2024_Veranstaltungen-2\" data-e-action-hash=\"#elementor-action%3Aaction%3Dlightbox%26settings%3DeyJpZCI6NzA5LCJ1cmwiOiJodHRwczpcL1wvc3RpbWJlcmdwYXJrLmRlXC93cC1jb250ZW50XC91cGxvYWRzXC8yMDI0XC8wMVwvMjAyNF9WZXJhbnN0YWx0dW5nZW4tMi53ZWJwIiwic2xpZGVzaG93IjoiMjI4NTg3OSJ9\">\n\t\t\t\t\t<div class=\"e-gallery-image elementor-gallery-item__image\" data-thumbnail=\"https:\/\/stimbergpark.de\/wp-content\/uploads\/2024\/01\/2024_Veranstaltungen-2-300x193.webp\" data-width=\"300\" data-height=\"193\" aria-label=\"\" role=\"img\" ><\/div>\n\t\t\t\t\t\t\t\t\t\t\t<div class=\"elementor-gallery-item__overlay\"><\/div>\n\t\t\t\t\t\t\t\t\t\t\t\t\t\t<\/a>\n\t\t\t\t\t\t\t<a class=\"e-gallery-item elementor-gallery-item elementor-animated-content\" href=\"https:\/\/stimbergpark.de\/wp-content\/uploads\/2024\/01\/2024_Veranstaltungen-1.webp\" data-elementor-open-lightbox=\"yes\" data-elementor-lightbox-slideshow=\"2285879\" data-elementor-lightbox-title=\"2024_Veranstaltungen-1\" data-e-action-hash=\"#elementor-action%3Aaction%3Dlightbox%26settings%3DeyJpZCI6NzA4LCJ1cmwiOiJodHRwczpcL1wvc3RpbWJlcmdwYXJrLmRlXC93cC1jb250ZW50XC91cGxvYWRzXC8yMDI0XC8wMVwvMjAyNF9WZXJhbnN0YWx0dW5nZW4tMS53ZWJwIiwic2xpZGVzaG93IjoiMjI4NTg3OSJ9\">\n\t\t\t\t\t<div class=\"e-gallery-image elementor-gallery-item__image\" data-thumbnail=\"https:\/\/stimbergpark.de\/wp-content\/uploads\/2024\/01\/2024_Veranstaltungen-1-300x193.webp\" data-width=\"300\" data-height=\"193\" aria-label=\"\" role=\"img\" ><\/div>\n\t\t\t\t\t\t\t\t\t\t\t<div class=\"elementor-gallery-item__overlay\"><\/div>\n\t\t\t\t\t\t\t\t\t\t\t\t\t\t<\/a>\n\t\t\t\t\t<\/div>\n\t\t\t\t\t<\/div>\n\t\t\t\t<\/div>\n\t\t\t\t\t<\/div>\n\t\t\t\t<\/div>\n\t\t<div class=\"elementor-element elementor-element-f9aac98 e-flex e-con-boxed e-con e-parent\" data-id=\"f9aac98\" data-element_type=\"container\" data-e-type=\"container\">\n\t\t\t\t\t<div class=\"e-con-inner\">\n\t\t\t\t\t<\/div>\n\t\t\t\t<\/div>\n\t\t\t\t<\/div>\n\t\t","protected":false},"excerpt":{"rendered":"<p>Unsere Seminarr\u00e4ume Zu unserem Haus geh\u00f6ren 2 Tagungsr\u00e4ume (max. 480 qm) die Raum f\u00fcr bis zu 450 Personen bieten. Wir unterbreiten Ihnen in einem pers\u00f6nlichen Gespr\u00e4ch gerne bew\u00e4hrte sowie individuelle Planungsvorschl\u00e4ge. Anfragen gerne per Mail an: hotel@stimbergpark.de Veranstaltungssaal 1 Veranstaltungssaal 2 (seit 2022) Circus &amp; Kirmes Ausstellung Seit mehr als 20 Jahren findet in jedem [&hellip;]<\/p>\n","protected":false},"author":1,"featured_media":0,"parent":0,"menu_order":0,"comment_status":"closed","ping_status":"closed","template":"","meta":{"footnotes":""},"class_list":["post-55","page","type-page","status-publish","hentry"],"aioseo_notices":[],"_links":{"self":[{"href":"https:\/\/stimbergpark.de\/index.php?rest_route=\/wp\/v2\/pages\/55","targetHints":{"allow":["GET"]}}],"collection":[{"href":"https:\/\/stimbergpark.de\/index.php?rest_route=\/wp\/v2\/pages"}],"about":[{"href":"https:\/\/stimbergpark.de\/index.php?rest_route=\/wp\/v2\/types\/page"}],"author":[{"embeddable":true,"href":"https:\/\/stimbergpark.de\/index.php?rest_route=\/wp\/v2\/users\/1"}],"replies":[{"embeddable":true,"href":"https:\/\/stimbergpark.de\/index.php?rest_route=%2Fwp%2Fv2%2Fcomments&post=55"}],"version-history":[{"count":77,"href":"https:\/\/stimbergpark.de\/index.php?rest_route=\/wp\/v2\/pages\/55\/revisions"}],"predecessor-version":[{"id":977,"href":"https:\/\/stimbergpark.de\/index.php?rest_route=\/wp\/v2\/pages\/55\/revisions\/977"}],"wp:attachment":[{"href":"https:\/\/stimbergpark.de\/index.php?rest_route=%2Fwp%2Fv2%2Fmedia&parent=55"}],"curies":[{"name":"wp","href":"https:\/\/api.w.org\/{rel}","templated":true}]}}