{"id":53,"date":"2023-01-26T13:00:28","date_gmt":"2023-01-26T13:00:28","guid":{"rendered":"https:\/\/stimbergpark.de\/?page_id=53"},"modified":"2025-06-13T07:34:37","modified_gmt":"2025-06-13T07:34:37","slug":"ueber-uns","status":"publish","type":"page","link":"https:\/\/stimbergpark.de\/?page_id=53","title":{"rendered":"\u00dcber uns"},"content":{"rendered":"\t\t<div data-elementor-type=\"wp-page\" data-elementor-id=\"53\" class=\"elementor elementor-53\" data-elementor-post-type=\"page\">\n\t\t\t\t\t\t<section class=\"elementor-section elementor-top-section elementor-element elementor-element-8ca92a8 elementor-section-boxed elementor-section-height-default elementor-section-height-default\" data-id=\"8ca92a8\" data-element_type=\"section\" data-e-type=\"section\">\n\t\t\t\t\t\t<div class=\"elementor-container elementor-column-gap-default\">\n\t\t\t\t\t<div class=\"elementor-column elementor-col-100 elementor-top-column elementor-element elementor-element-9cbf5c2\" data-id=\"9cbf5c2\" data-element_type=\"column\" data-e-type=\"column\">\n\t\t\t<div class=\"elementor-widget-wrap elementor-element-populated\">\n\t\t\t\t\t\t<div class=\"elementor-element elementor-element-08b1596 elementor-widget elementor-widget-heading\" data-id=\"08b1596\" data-element_type=\"widget\" data-e-type=\"widget\" data-widget_type=\"heading.default\">\n\t\t\t\t<div class=\"elementor-widget-container\">\n\t\t\t\t\t<h2 class=\"elementor-heading-title elementor-size-default\">\u00dcber uns<\/h2>\t\t\t\t<\/div>\n\t\t\t\t<\/div>\n\t\t\t\t\t<\/div>\n\t\t<\/div>\n\t\t\t\t\t<\/div>\n\t\t<\/section>\n\t\t\t\t<section class=\"elementor-section elementor-top-section elementor-element elementor-element-88d0297 elementor-section-boxed elementor-section-height-default elementor-section-height-default\" data-id=\"88d0297\" data-element_type=\"section\" data-e-type=\"section\">\n\t\t\t\t\t\t<div class=\"elementor-container elementor-column-gap-default\">\n\t\t\t\t\t<div class=\"elementor-column elementor-col-100 elementor-top-column elementor-element elementor-element-4b227ff\" data-id=\"4b227ff\" data-element_type=\"column\" data-e-type=\"column\">\n\t\t\t<div class=\"elementor-widget-wrap elementor-element-populated\">\n\t\t\t\t\t\t<div class=\"elementor-element elementor-element-1b3d19a elementor-widget elementor-widget-heading\" data-id=\"1b3d19a\" data-element_type=\"widget\" data-e-type=\"widget\" data-widget_type=\"heading.default\">\n\t\t\t\t<div class=\"elementor-widget-container\">\n\t\t\t\t\t<h2 class=\"elementor-heading-title elementor-size-default\">Sehr geehrte Damen und Herren,<\/h2>\t\t\t\t<\/div>\n\t\t\t\t<\/div>\n\t\t\t\t<div class=\"elementor-element elementor-element-a850eb6 elementor-widget elementor-widget-text-editor\" data-id=\"a850eb6\" data-element_type=\"widget\" data-e-type=\"widget\" data-widget_type=\"text-editor.default\">\n\t\t\t\t<div class=\"elementor-widget-container\">\n\t\t\t\t\t\t\t\t\t<p>wir danken Ihnen recht herzlich f\u00fcr Ihr Interesse an unserem Hause. Damit Sie einen Einblick bekommen, m\u00f6chten wir es kurz vorstellen: Unser Haus liegt direkt am Waldgebiet &#8222;Hohe Mark&#8220;. In der Zeit von 1990 bis 1993 erweiterten wir den bestehenden Hoteltrakt auf 46 Doppel- und Einzelzimmer.<\/p><p>Zur Entspannung bieten sich eine Vielzahl an Aktivit\u00e4ten, wie z.B. Sauna, Hallenbad im angrenzenden Maritimo, Tennispl\u00e4tze vom Verein TuS09 (anfallende Kosten erfragen Sie bitte direkt dort). Des Weiteren finden Sie im nahen Waldgebiet der Haard gekennzeichnete Spazier- und Trimmwege..<\/p><p>Wir hoffen, da\u00df Ihnen unser Haus gef\u00e4llt und w\u00fcrden uns freuen, Sie bald als Gast bei uns begr\u00fc\u00dfen zu d\u00fcrfen, damit Sie sich vor Ort von unserem Haus \u00fcberzeugen k\u00f6nnen.<\/p>\t\t\t\t\t\t\t\t<\/div>\n\t\t\t\t<\/div>\n\t\t\t\t<div class=\"elementor-element elementor-element-b23ef84 elementor-widget elementor-widget-text-editor\" data-id=\"b23ef84\" data-element_type=\"widget\" data-e-type=\"widget\" data-widget_type=\"text-editor.default\">\n\t\t\t\t<div class=\"elementor-widget-container\">\n\t\t\t\t\t\t\t\t\t<p>Mit freundlichen Gr\u00fc\u00dfen aus Oer-Erkenschwick<\/p>\t\t\t\t\t\t\t\t<\/div>\n\t\t\t\t<\/div>\n\t\t\t\t<div class=\"elementor-element elementor-element-462bc9d elementor-widget elementor-widget-heading\" data-id=\"462bc9d\" data-element_type=\"widget\" data-e-type=\"widget\" data-widget_type=\"heading.default\">\n\t\t\t\t<div class=\"elementor-widget-container\">\n\t\t\t\t\t<h2 class=\"elementor-heading-title elementor-size-default\">Ihr Stimberg - Team<\/h2>\t\t\t\t<\/div>\n\t\t\t\t<\/div>\n\t\t\t\t\t<\/div>\n\t\t<\/div>\n\t\t\t\t\t<\/div>\n\t\t<\/section>\n\t\t\t\t<\/div>\n\t\t","protected":false},"excerpt":{"rendered":"<p>\u00dcber uns Sehr geehrte Damen und Herren, wir danken Ihnen recht herzlich f\u00fcr Ihr Interesse an unserem Hause. Damit Sie einen Einblick bekommen, m\u00f6chten wir es kurz vorstellen: Unser Haus liegt direkt am Waldgebiet &#8222;Hohe Mark&#8220;. In der Zeit von 1990 bis 1993 erweiterten wir den bestehenden Hoteltrakt auf 46 Doppel- und Einzelzimmer. Zur Entspannung [&hellip;]<\/p>\n","protected":false},"author":1,"featured_media":0,"parent":0,"menu_order":0,"comment_status":"closed","ping_status":"closed","template":"","meta":{"footnotes":""},"class_list":["post-53","page","type-page","status-publish","hentry"],"aioseo_notices":[],"_links":{"self":[{"href":"https:\/\/stimbergpark.de\/index.php?rest_route=\/wp\/v2\/pages\/53","targetHints":{"allow":["GET"]}}],"collection":[{"href":"https:\/\/stimbergpark.de\/index.php?rest_route=\/wp\/v2\/pages"}],"about":[{"href":"https:\/\/stimbergpark.de\/index.php?rest_route=\/wp\/v2\/types\/page"}],"author":[{"embeddable":true,"href":"https:\/\/stimbergpark.de\/index.php?rest_route=\/wp\/v2\/users\/1"}],"replies":[{"embeddable":true,"href":"https:\/\/stimbergpark.de\/index.php?rest_route=%2Fwp%2Fv2%2Fcomments&post=53"}],"version-history":[{"count":13,"href":"https:\/\/stimbergpark.de\/index.php?rest_route=\/wp\/v2\/pages\/53\/revisions"}],"predecessor-version":[{"id":695,"href":"https:\/\/stimbergpark.de\/index.php?rest_route=\/wp\/v2\/pages\/53\/revisions\/695"}],"wp:attachment":[{"href":"https:\/\/stimbergpark.de\/index.php?rest_route=%2Fwp%2Fv2%2Fmedia&parent=53"}],"curies":[{"name":"wp","href":"https:\/\/api.w.org\/{rel}","templated":true}]}}