{"id":50,"date":"2023-01-26T12:59:31","date_gmt":"2023-01-26T12:59:31","guid":{"rendered":"https:\/\/stimbergpark.de\/?page_id=50"},"modified":"2025-04-04T10:50:39","modified_gmt":"2025-04-04T10:50:39","slug":"hotel","status":"publish","type":"page","link":"https:\/\/stimbergpark.de\/?page_id=50","title":{"rendered":"Hotel"},"content":{"rendered":"\t\t<div data-elementor-type=\"wp-page\" data-elementor-id=\"50\" class=\"elementor elementor-50\" data-elementor-post-type=\"page\">\n\t\t\t\t\t\t<section class=\"elementor-section elementor-top-section elementor-element elementor-element-1b8d85e elementor-section-boxed elementor-section-height-default elementor-section-height-default elementor-invisible\" data-id=\"1b8d85e\" data-element_type=\"section\" data-e-type=\"section\" data-settings=\"{&quot;animation&quot;:&quot;fadeInUp&quot;}\">\n\t\t\t\t\t\t<div class=\"elementor-container elementor-column-gap-default\">\n\t\t\t\t\t<div class=\"elementor-column elementor-col-100 elementor-top-column elementor-element elementor-element-00b1eff\" data-id=\"00b1eff\" data-element_type=\"column\" data-e-type=\"column\">\n\t\t\t<div class=\"elementor-widget-wrap elementor-element-populated\">\n\t\t\t\t\t\t<div class=\"elementor-element elementor-element-7b84357 elementor-widget elementor-widget-image\" data-id=\"7b84357\" data-element_type=\"widget\" data-e-type=\"widget\" data-widget_type=\"image.default\">\n\t\t\t\t<div class=\"elementor-widget-container\">\n\t\t\t\t\t\t\t\t\t\t\t\t\t\t\t<img fetchpriority=\"high\" decoding=\"async\" width=\"1500\" height=\"779\" src=\"https:\/\/stimbergpark.de\/wp-content\/uploads\/2023\/02\/2023_Luftbild_1500px.jpg\" class=\"attachment-1536x1536 size-1536x1536 wp-image-246\" alt=\"\" srcset=\"https:\/\/stimbergpark.de\/wp-content\/uploads\/2023\/02\/2023_Luftbild_1500px.jpg 1500w, https:\/\/stimbergpark.de\/wp-content\/uploads\/2023\/02\/2023_Luftbild_1500px-300x156.jpg 300w, https:\/\/stimbergpark.de\/wp-content\/uploads\/2023\/02\/2023_Luftbild_1500px-1024x532.jpg 1024w, https:\/\/stimbergpark.de\/wp-content\/uploads\/2023\/02\/2023_Luftbild_1500px-768x399.jpg 768w\" sizes=\"(max-width: 1500px) 100vw, 1500px\" \/>\t\t\t\t\t\t\t\t\t\t\t\t\t\t\t<\/div>\n\t\t\t\t<\/div>\n\t\t\t\t\t<\/div>\n\t\t<\/div>\n\t\t\t\t\t<\/div>\n\t\t<\/section>\n\t\t<div class=\"elementor-element elementor-element-2ba1005 e-flex e-con-boxed e-con e-parent\" data-id=\"2ba1005\" data-element_type=\"container\" data-e-type=\"container\">\n\t\t\t\t\t<div class=\"e-con-inner\">\n\t\t<div class=\"elementor-element elementor-element-8845376 e-con-full e-flex elementor-invisible e-con e-child\" data-id=\"8845376\" data-element_type=\"container\" data-e-type=\"container\" data-settings=\"{&quot;animation&quot;:&quot;fadeInLeft&quot;}\">\n\t\t\t\t<div class=\"elementor-element elementor-element-1650116 elementor-invisible elementor-widget elementor-widget-heading\" data-id=\"1650116\" data-element_type=\"widget\" data-e-type=\"widget\" data-settings=\"{&quot;_animation&quot;:&quot;fadeInLeft&quot;}\" data-widget_type=\"heading.default\">\n\t\t\t\t<div class=\"elementor-widget-container\">\n\t\t\t\t\t<h1 class=\"elementor-heading-title elementor-size-default\">Hotel<\/h1>\t\t\t\t<\/div>\n\t\t\t\t<\/div>\n\t\t\t\t<\/div>\n\t\t\t\t\t<\/div>\n\t\t\t\t<\/div>\n\t\t<div class=\"elementor-element elementor-element-711265e e-flex e-con-boxed e-con e-parent\" data-id=\"711265e\" data-element_type=\"container\" data-e-type=\"container\">\n\t\t\t\t\t<div class=\"e-con-inner\">\n\t\t<div class=\"elementor-element elementor-element-55d87f0 e-con-full e-flex e-con e-child\" data-id=\"55d87f0\" data-element_type=\"container\" data-e-type=\"container\">\n\t\t\t\t<div class=\"elementor-element elementor-element-bdb56b3 elementor-invisible elementor-widget elementor-widget-text-editor\" data-id=\"bdb56b3\" data-element_type=\"widget\" data-e-type=\"widget\" data-settings=\"{&quot;_animation&quot;:&quot;fadeInLeft&quot;,&quot;_animation_delay&quot;:200}\" data-widget_type=\"text-editor.default\">\n\t\t\t\t<div class=\"elementor-widget-container\">\n\t\t\t\t\t\t\t\t\t<p>Ein Haus voller Flair pr\u00e4sentiert sich Ihnen, als idealer Rahmen f\u00fcr Seminare, Tagungen, Konferenzen, Bankette und Partys oder f\u00fcr einen langen oder kurzen Urlaub.<\/p><p>Bestens geschultes Personal, hervorragend geeignete R\u00e4umlichkeiten, die gediegene Atmosph\u00e4re des Hauses und seine ruhige Lage sind Garant f\u00fcr das Gelingen Ihrer Veranstaltung, Seminare oder Schulung.<\/p><p>Sie suchen Veranstaltungsm\u00f6glichkeiten verbunden mit Ruhe und Erholung vom Alltags-Stress? Sie m\u00f6chten sich einmal so richtig verw\u00f6hnen lassen ? Dann sind Sie bei uns f\u00fcr Familienfeiern, Geburtstage, Hochzeiten und Jubil\u00e4en an der richtigen Adresse. Feiern Sie in entspannter Atmosph\u00e4re und angenehmen Ambiente<\/p>\t\t\t\t\t\t\t\t<\/div>\n\t\t\t\t<\/div>\n\t\t\t\t<\/div>\n\t\t<div class=\"elementor-element elementor-element-6bad390 e-con-full e-flex elementor-invisible e-con e-child\" data-id=\"6bad390\" data-element_type=\"container\" data-e-type=\"container\" data-settings=\"{&quot;animation&quot;:&quot;fadeInRight&quot;,&quot;animation_delay&quot;:150}\">\n\t\t\t\t<div class=\"elementor-element elementor-element-e5126c6 elementor-widget elementor-widget-image\" data-id=\"e5126c6\" data-element_type=\"widget\" data-e-type=\"widget\" data-widget_type=\"image.default\">\n\t\t\t\t<div class=\"elementor-widget-container\">\n\t\t\t\t\t\t\t\t\t\t\t\t\t\t\t<img decoding=\"async\" width=\"600\" height=\"399\" src=\"https:\/\/stimbergpark.de\/wp-content\/uploads\/2023\/02\/IMG_5178_79_80_tonemapped.jpg\" class=\"attachment-large size-large wp-image-232\" alt=\"\" srcset=\"https:\/\/stimbergpark.de\/wp-content\/uploads\/2023\/02\/IMG_5178_79_80_tonemapped.jpg 600w, https:\/\/stimbergpark.de\/wp-content\/uploads\/2023\/02\/IMG_5178_79_80_tonemapped-300x200.jpg 300w\" sizes=\"(max-width: 600px) 100vw, 600px\" \/>\t\t\t\t\t\t\t\t\t\t\t\t\t\t\t<\/div>\n\t\t\t\t<\/div>\n\t\t\t\t<\/div>\n\t\t\t\t\t<\/div>\n\t\t\t\t<\/div>\n\t\t\t\t<section class=\"elementor-section elementor-top-section elementor-element elementor-element-da3aefb elementor-section-boxed elementor-section-height-default elementor-section-height-default\" data-id=\"da3aefb\" data-element_type=\"section\" data-e-type=\"section\">\n\t\t\t\t\t\t<div class=\"elementor-container elementor-column-gap-default\">\n\t\t\t\t\t<div class=\"elementor-column elementor-col-100 elementor-top-column elementor-element elementor-element-8c93da6\" data-id=\"8c93da6\" data-element_type=\"column\" data-e-type=\"column\">\n\t\t\t<div class=\"elementor-widget-wrap elementor-element-populated\">\n\t\t\t\t\t\t<div class=\"elementor-element elementor-element-d998131 elementor-widget-divider--view-line_text elementor-widget-divider--element-align-center elementor-widget elementor-widget-divider\" data-id=\"d998131\" data-element_type=\"widget\" data-e-type=\"widget\" data-widget_type=\"divider.default\">\n\t\t\t\t<div class=\"elementor-widget-container\">\n\t\t\t\t\t\t\t<div class=\"elementor-divider\">\n\t\t\t<span class=\"elementor-divider-separator\">\n\t\t\t\t\t\t\t<span class=\"elementor-divider__text elementor-divider__element\">\n\t\t\t\tPreisliste\t\t\t\t<\/span>\n\t\t\t\t\t\t<\/span>\n\t\t<\/div>\n\t\t\t\t\t\t<\/div>\n\t\t\t\t<\/div>\n\t\t\t\t\t<\/div>\n\t\t<\/div>\n\t\t\t\t\t<\/div>\n\t\t<\/section>\n\t\t<div class=\"elementor-element elementor-element-5ec1a0d e-flex e-con-boxed e-con e-parent\" data-id=\"5ec1a0d\" data-element_type=\"container\" data-e-type=\"container\">\n\t\t\t\t\t<div class=\"e-con-inner\">\n\t\t<div class=\"elementor-element elementor-element-984bb7e e-con-full e-flex e-con e-child\" data-id=\"984bb7e\" data-element_type=\"container\" data-e-type=\"container\">\n\t\t\t\t<div class=\"elementor-element elementor-element-7899a17 elementor-widget elementor-widget-image\" data-id=\"7899a17\" data-element_type=\"widget\" data-e-type=\"widget\" data-widget_type=\"image.default\">\n\t\t\t\t<div class=\"elementor-widget-container\">\n\t\t\t\t\t\t\t\t\t\t\t\t\t\t\t\t<a href=\"https:\/\/stimbergpark.de\/wp-content\/uploads\/2023\/08\/2023_Einzelzimmer_Quadratisch_1.jpg\" data-elementor-open-lightbox=\"yes\" data-elementor-lightbox-title=\"2023_Einzelzimmer_Quadratisch_1\" data-e-action-hash=\"#elementor-action%3Aaction%3Dlightbox%26settings%3DeyJpZCI6NDM0LCJ1cmwiOiJodHRwczpcL1wvc3RpbWJlcmdwYXJrLmRlXC93cC1jb250ZW50XC91cGxvYWRzXC8yMDIzXC8wOFwvMjAyM19FaW56ZWx6aW1tZXJfUXVhZHJhdGlzY2hfMS5qcGcifQ%3D%3D\">\n\t\t\t\t\t\t\t<img decoding=\"async\" width=\"800\" height=\"800\" src=\"https:\/\/stimbergpark.de\/wp-content\/uploads\/2023\/08\/2023_Einzelzimmer_Quadratisch_1-1024x1024.jpg\" class=\"attachment-large size-large wp-image-434\" alt=\"\" srcset=\"https:\/\/stimbergpark.de\/wp-content\/uploads\/2023\/08\/2023_Einzelzimmer_Quadratisch_1-1024x1024.jpg 1024w, https:\/\/stimbergpark.de\/wp-content\/uploads\/2023\/08\/2023_Einzelzimmer_Quadratisch_1-300x300.jpg 300w, https:\/\/stimbergpark.de\/wp-content\/uploads\/2023\/08\/2023_Einzelzimmer_Quadratisch_1-150x150.jpg 150w, https:\/\/stimbergpark.de\/wp-content\/uploads\/2023\/08\/2023_Einzelzimmer_Quadratisch_1-768x768.jpg 768w, https:\/\/stimbergpark.de\/wp-content\/uploads\/2023\/08\/2023_Einzelzimmer_Quadratisch_1.jpg 1500w\" sizes=\"(max-width: 800px) 100vw, 800px\" \/>\t\t\t\t\t\t\t\t<\/a>\n\t\t\t\t\t\t\t\t\t\t\t\t\t\t\t<\/div>\n\t\t\t\t<\/div>\n\t\t\t\t<div class=\"elementor-element elementor-element-51ad5d6 elementor-widget elementor-widget-heading\" data-id=\"51ad5d6\" data-element_type=\"widget\" data-e-type=\"widget\" data-widget_type=\"heading.default\">\n\t\t\t\t<div class=\"elementor-widget-container\">\n\t\t\t\t\t<h4 class=\"elementor-heading-title elementor-size-default\">Einzelzimmer<\/h4>\t\t\t\t<\/div>\n\t\t\t\t<\/div>\n\t\t\t\t<div class=\"elementor-element elementor-element-fc3bc9a elementor-widget elementor-widget-text-editor\" data-id=\"fc3bc9a\" data-element_type=\"widget\" data-e-type=\"widget\" data-widget_type=\"text-editor.default\">\n\t\t\t\t<div class=\"elementor-widget-container\">\n\t\t\t\t\t\t\t\t\t<p>Dusche, WC, TV\u00a0<\/p>\t\t\t\t\t\t\t\t<\/div>\n\t\t\t\t<\/div>\n\t\t\t\t<div class=\"elementor-element elementor-element-e38fae9 elementor-widget elementor-widget-text-editor\" data-id=\"e38fae9\" data-element_type=\"widget\" data-e-type=\"widget\" data-widget_type=\"text-editor.default\">\n\t\t\t\t<div class=\"elementor-widget-container\">\n\t\t\t\t\t\t\t\t\t<p>65,00\u20ac<\/p>\t\t\t\t\t\t\t\t<\/div>\n\t\t\t\t<\/div>\n\t\t\t\t<\/div>\n\t\t<div class=\"elementor-element elementor-element-ce5b65a e-con-full e-flex e-con e-child\" data-id=\"ce5b65a\" data-element_type=\"container\" data-e-type=\"container\">\n\t\t\t\t<div class=\"elementor-element elementor-element-adb2690 elementor-widget elementor-widget-image\" data-id=\"adb2690\" data-element_type=\"widget\" data-e-type=\"widget\" data-widget_type=\"image.default\">\n\t\t\t\t<div class=\"elementor-widget-container\">\n\t\t\t\t\t\t\t\t\t\t\t\t\t\t\t\t<a href=\"https:\/\/stimbergpark.de\/wp-content\/uploads\/2023\/08\/2023_Dreibettzimmer_Quadratisch_2.webp\" data-elementor-open-lightbox=\"yes\" data-elementor-lightbox-title=\"2023_Dreibettzimmer_Quadratisch_2\" data-e-action-hash=\"#elementor-action%3Aaction%3Dlightbox%26settings%3DeyJpZCI6NDMzLCJ1cmwiOiJodHRwczpcL1wvc3RpbWJlcmdwYXJrLmRlXC93cC1jb250ZW50XC91cGxvYWRzXC8yMDIzXC8wOFwvMjAyM19EcmVpYmV0dHppbW1lcl9RdWFkcmF0aXNjaF8yLndlYnAifQ%3D%3D\">\n\t\t\t\t\t\t\t<img loading=\"lazy\" decoding=\"async\" width=\"800\" height=\"800\" src=\"https:\/\/stimbergpark.de\/wp-content\/uploads\/2023\/08\/2023_Dreibettzimmer_Quadratisch_2-1024x1024.webp\" class=\"attachment-large size-large wp-image-433\" alt=\"\" srcset=\"https:\/\/stimbergpark.de\/wp-content\/uploads\/2023\/08\/2023_Dreibettzimmer_Quadratisch_2-1024x1024.webp 1024w, https:\/\/stimbergpark.de\/wp-content\/uploads\/2023\/08\/2023_Dreibettzimmer_Quadratisch_2-300x300.webp 300w, https:\/\/stimbergpark.de\/wp-content\/uploads\/2023\/08\/2023_Dreibettzimmer_Quadratisch_2-150x150.webp 150w, https:\/\/stimbergpark.de\/wp-content\/uploads\/2023\/08\/2023_Dreibettzimmer_Quadratisch_2-768x768.webp 768w, https:\/\/stimbergpark.de\/wp-content\/uploads\/2023\/08\/2023_Dreibettzimmer_Quadratisch_2.webp 1500w\" sizes=\"(max-width: 800px) 100vw, 800px\" \/>\t\t\t\t\t\t\t\t<\/a>\n\t\t\t\t\t\t\t\t\t\t\t\t\t\t\t<\/div>\n\t\t\t\t<\/div>\n\t\t\t\t<div class=\"elementor-element elementor-element-1941d6f elementor-widget elementor-widget-heading\" data-id=\"1941d6f\" data-element_type=\"widget\" data-e-type=\"widget\" data-widget_type=\"heading.default\">\n\t\t\t\t<div class=\"elementor-widget-container\">\n\t\t\t\t\t<h4 class=\"elementor-heading-title elementor-size-default\">Doppel- als Einzelzimmer<\/h4>\t\t\t\t<\/div>\n\t\t\t\t<\/div>\n\t\t\t\t<div class=\"elementor-element elementor-element-eecca2b elementor-widget elementor-widget-text-editor\" data-id=\"eecca2b\" data-element_type=\"widget\" data-e-type=\"widget\" data-widget_type=\"text-editor.default\">\n\t\t\t\t<div class=\"elementor-widget-container\">\n\t\t\t\t\t\t\t\t\t<p>Dusche, WC, TV\u00a0<\/p>\t\t\t\t\t\t\t\t<\/div>\n\t\t\t\t<\/div>\n\t\t\t\t<div class=\"elementor-element elementor-element-da4ad85 elementor-widget elementor-widget-text-editor\" data-id=\"da4ad85\" data-element_type=\"widget\" data-e-type=\"widget\" data-widget_type=\"text-editor.default\">\n\t\t\t\t<div class=\"elementor-widget-container\">\n\t\t\t\t\t\t\t\t\t<p>91,00\u20ac<\/p>\t\t\t\t\t\t\t\t<\/div>\n\t\t\t\t<\/div>\n\t\t\t\t<\/div>\n\t\t<div class=\"elementor-element elementor-element-da864dd e-con-full e-flex e-con e-child\" data-id=\"da864dd\" data-element_type=\"container\" data-e-type=\"container\">\n\t\t\t\t<div class=\"elementor-element elementor-element-8acc931 elementor-widget elementor-widget-image\" data-id=\"8acc931\" data-element_type=\"widget\" data-e-type=\"widget\" data-widget_type=\"image.default\">\n\t\t\t\t<div class=\"elementor-widget-container\">\n\t\t\t\t\t\t\t\t\t\t\t\t\t\t\t\t<a href=\"https:\/\/stimbergpark.de\/wp-content\/uploads\/2023\/08\/2023_Doppelzimmer_Quadratisch_1.webp\" data-elementor-open-lightbox=\"yes\" data-elementor-lightbox-title=\"2023_Doppelzimmer_Quadratisch_1\" data-e-action-hash=\"#elementor-action%3Aaction%3Dlightbox%26settings%3DeyJpZCI6NDMxLCJ1cmwiOiJodHRwczpcL1wvc3RpbWJlcmdwYXJrLmRlXC93cC1jb250ZW50XC91cGxvYWRzXC8yMDIzXC8wOFwvMjAyM19Eb3BwZWx6aW1tZXJfUXVhZHJhdGlzY2hfMS53ZWJwIn0%3D\">\n\t\t\t\t\t\t\t<img loading=\"lazy\" decoding=\"async\" width=\"800\" height=\"800\" src=\"https:\/\/stimbergpark.de\/wp-content\/uploads\/2023\/08\/2023_Doppelzimmer_Quadratisch_1-1024x1024.webp\" class=\"attachment-large size-large wp-image-431\" alt=\"\" srcset=\"https:\/\/stimbergpark.de\/wp-content\/uploads\/2023\/08\/2023_Doppelzimmer_Quadratisch_1-1024x1024.webp 1024w, https:\/\/stimbergpark.de\/wp-content\/uploads\/2023\/08\/2023_Doppelzimmer_Quadratisch_1-300x300.webp 300w, https:\/\/stimbergpark.de\/wp-content\/uploads\/2023\/08\/2023_Doppelzimmer_Quadratisch_1-150x150.webp 150w, https:\/\/stimbergpark.de\/wp-content\/uploads\/2023\/08\/2023_Doppelzimmer_Quadratisch_1-768x768.webp 768w, https:\/\/stimbergpark.de\/wp-content\/uploads\/2023\/08\/2023_Doppelzimmer_Quadratisch_1.webp 1500w\" sizes=\"(max-width: 800px) 100vw, 800px\" \/>\t\t\t\t\t\t\t\t<\/a>\n\t\t\t\t\t\t\t\t\t\t\t\t\t\t\t<\/div>\n\t\t\t\t<\/div>\n\t\t\t\t<div class=\"elementor-element elementor-element-3d77fcd elementor-widget elementor-widget-heading\" data-id=\"3d77fcd\" data-element_type=\"widget\" data-e-type=\"widget\" data-widget_type=\"heading.default\">\n\t\t\t\t<div class=\"elementor-widget-container\">\n\t\t\t\t\t<h4 class=\"elementor-heading-title elementor-size-default\">Doppelzimmer<\/h4>\t\t\t\t<\/div>\n\t\t\t\t<\/div>\n\t\t\t\t<div class=\"elementor-element elementor-element-8894007 elementor-widget elementor-widget-text-editor\" data-id=\"8894007\" data-element_type=\"widget\" data-e-type=\"widget\" data-widget_type=\"text-editor.default\">\n\t\t\t\t<div class=\"elementor-widget-container\">\n\t\t\t\t\t\t\t\t\t<p>Dusche, WC, TV\u00a0<\/p>\t\t\t\t\t\t\t\t<\/div>\n\t\t\t\t<\/div>\n\t\t\t\t<div class=\"elementor-element elementor-element-480f45f elementor-widget elementor-widget-text-editor\" data-id=\"480f45f\" data-element_type=\"widget\" data-e-type=\"widget\" data-widget_type=\"text-editor.default\">\n\t\t\t\t<div class=\"elementor-widget-container\">\n\t\t\t\t\t\t\t\t\t<p>91,00 \u20ac<\/p>\t\t\t\t\t\t\t\t<\/div>\n\t\t\t\t<\/div>\n\t\t\t\t<\/div>\n\t\t<div class=\"elementor-element elementor-element-c78bac0 e-con-full e-flex e-con e-child\" data-id=\"c78bac0\" data-element_type=\"container\" data-e-type=\"container\">\n\t\t\t\t<div class=\"elementor-element elementor-element-a9f9b04 elementor-widget elementor-widget-image\" data-id=\"a9f9b04\" data-element_type=\"widget\" data-e-type=\"widget\" data-widget_type=\"image.default\">\n\t\t\t\t<div class=\"elementor-widget-container\">\n\t\t\t\t\t\t\t\t\t\t\t\t\t\t\t\t<a href=\"https:\/\/stimbergpark.de\/wp-content\/uploads\/2023\/08\/2023_Dreibettzimmer_Quadratisch_1.webp\" data-elementor-open-lightbox=\"yes\" data-elementor-lightbox-title=\"2023_Dreibettzimmer_Quadratisch_1\" data-e-action-hash=\"#elementor-action%3Aaction%3Dlightbox%26settings%3DeyJpZCI6NDMyLCJ1cmwiOiJodHRwczpcL1wvc3RpbWJlcmdwYXJrLmRlXC93cC1jb250ZW50XC91cGxvYWRzXC8yMDIzXC8wOFwvMjAyM19EcmVpYmV0dHppbW1lcl9RdWFkcmF0aXNjaF8xLndlYnAifQ%3D%3D\">\n\t\t\t\t\t\t\t<img loading=\"lazy\" decoding=\"async\" width=\"800\" height=\"800\" src=\"https:\/\/stimbergpark.de\/wp-content\/uploads\/2023\/08\/2023_Dreibettzimmer_Quadratisch_1-1024x1024.webp\" class=\"attachment-large size-large wp-image-432\" alt=\"\" srcset=\"https:\/\/stimbergpark.de\/wp-content\/uploads\/2023\/08\/2023_Dreibettzimmer_Quadratisch_1-1024x1024.webp 1024w, https:\/\/stimbergpark.de\/wp-content\/uploads\/2023\/08\/2023_Dreibettzimmer_Quadratisch_1-300x300.webp 300w, https:\/\/stimbergpark.de\/wp-content\/uploads\/2023\/08\/2023_Dreibettzimmer_Quadratisch_1-150x150.webp 150w, https:\/\/stimbergpark.de\/wp-content\/uploads\/2023\/08\/2023_Dreibettzimmer_Quadratisch_1-768x768.webp 768w, https:\/\/stimbergpark.de\/wp-content\/uploads\/2023\/08\/2023_Dreibettzimmer_Quadratisch_1.webp 1500w\" sizes=\"(max-width: 800px) 100vw, 800px\" \/>\t\t\t\t\t\t\t\t<\/a>\n\t\t\t\t\t\t\t\t\t\t\t\t\t\t\t<\/div>\n\t\t\t\t<\/div>\n\t\t\t\t<div class=\"elementor-element elementor-element-3b38dea elementor-widget elementor-widget-heading\" data-id=\"3b38dea\" data-element_type=\"widget\" data-e-type=\"widget\" data-widget_type=\"heading.default\">\n\t\t\t\t<div class=\"elementor-widget-container\">\n\t\t\t\t\t<h4 class=\"elementor-heading-title elementor-size-default\">Dreibettzimmer<\/h4>\t\t\t\t<\/div>\n\t\t\t\t<\/div>\n\t\t\t\t<div class=\"elementor-element elementor-element-62fcf5e elementor-widget elementor-widget-text-editor\" data-id=\"62fcf5e\" data-element_type=\"widget\" data-e-type=\"widget\" data-widget_type=\"text-editor.default\">\n\t\t\t\t<div class=\"elementor-widget-container\">\n\t\t\t\t\t\t\t\t\t<p>Dusche, WC, TV\u00a0<\/p>\t\t\t\t\t\t\t\t<\/div>\n\t\t\t\t<\/div>\n\t\t\t\t<div class=\"elementor-element elementor-element-1c09d28 elementor-widget elementor-widget-text-editor\" data-id=\"1c09d28\" data-element_type=\"widget\" data-e-type=\"widget\" data-widget_type=\"text-editor.default\">\n\t\t\t\t<div class=\"elementor-widget-container\">\n\t\t\t\t\t\t\t\t\t<p>125,00\u20ac<\/p>\t\t\t\t\t\t\t\t<\/div>\n\t\t\t\t<\/div>\n\t\t\t\t<\/div>\n\t\t<div class=\"elementor-element elementor-element-066271f e-con-full e-flex e-con e-child\" data-id=\"066271f\" data-element_type=\"container\" data-e-type=\"container\">\n\t\t\t\t<div class=\"elementor-element elementor-element-df85ebb elementor-widget elementor-widget-image\" data-id=\"df85ebb\" data-element_type=\"widget\" data-e-type=\"widget\" data-widget_type=\"image.default\">\n\t\t\t\t<div class=\"elementor-widget-container\">\n\t\t\t\t\t\t\t\t\t\t\t\t\t\t\t\t<a href=\"https:\/\/stimbergpark.de\/wp-content\/uploads\/2024\/09\/PHOTO-2024-09-05-20-39-04-2.jpg\" data-elementor-open-lightbox=\"yes\" data-e-action-hash=\"#elementor-action%3Aaction%3Dlightbox%26settings%3DeyJpZCI6ODY4LCJ1cmwiOmZhbHNlfQ%3D%3D\">\n\t\t\t\t\t\t\t<img decoding=\"async\" src=\"https:\/\/stimbergpark.de\/wp-content\/uploads\/2024\/09\/PHOTO-2024-09-05-20-39-04-2.jpg\" title=\"\" alt=\"\" loading=\"lazy\" \/>\t\t\t\t\t\t\t\t<\/a>\n\t\t\t\t\t\t\t\t\t\t\t\t\t\t\t<\/div>\n\t\t\t\t<\/div>\n\t\t\t\t<div class=\"elementor-element elementor-element-dd9635f elementor-widget elementor-widget-heading\" data-id=\"dd9635f\" data-element_type=\"widget\" data-e-type=\"widget\" data-widget_type=\"heading.default\">\n\t\t\t\t<div class=\"elementor-widget-container\">\n\t\t\t\t\t<h4 class=\"elementor-heading-title elementor-size-default\">Doppelzimmer Kingsize<\/h4>\t\t\t\t<\/div>\n\t\t\t\t<\/div>\n\t\t\t\t<div class=\"elementor-element elementor-element-e34fefe elementor-widget elementor-widget-text-editor\" data-id=\"e34fefe\" data-element_type=\"widget\" data-e-type=\"widget\" data-widget_type=\"text-editor.default\">\n\t\t\t\t<div class=\"elementor-widget-container\">\n\t\t\t\t\t\t\t\t\t<p>Dusche, WC, TV\u00a0<\/p>\t\t\t\t\t\t\t\t<\/div>\n\t\t\t\t<\/div>\n\t\t\t\t<div class=\"elementor-element elementor-element-012cc7c elementor-widget elementor-widget-text-editor\" data-id=\"012cc7c\" data-element_type=\"widget\" data-e-type=\"widget\" data-widget_type=\"text-editor.default\">\n\t\t\t\t<div class=\"elementor-widget-container\">\n\t\t\t\t\t\t\t\t\t<p>101,00\u20ac<\/p>\t\t\t\t\t\t\t\t<\/div>\n\t\t\t\t<\/div>\n\t\t\t\t<\/div>\n\t\t\t\t\t<\/div>\n\t\t\t\t<\/div>\n\t\t\t\t<section class=\"elementor-section elementor-top-section elementor-element elementor-element-5e901af elementor-section-boxed elementor-section-height-default elementor-section-height-default\" data-id=\"5e901af\" data-element_type=\"section\" data-e-type=\"section\">\n\t\t\t\t\t\t<div class=\"elementor-container elementor-column-gap-default\">\n\t\t\t\t\t<div class=\"elementor-column elementor-col-100 elementor-top-column elementor-element elementor-element-ea3cd1e\" data-id=\"ea3cd1e\" data-element_type=\"column\" data-e-type=\"column\">\n\t\t\t<div class=\"elementor-widget-wrap elementor-element-populated\">\n\t\t\t\t\t\t<div class=\"elementor-element elementor-element-def89cd elementor-widget-divider--view-line_icon elementor-view-default elementor-widget-divider--element-align-center elementor-widget elementor-widget-divider\" data-id=\"def89cd\" data-element_type=\"widget\" data-e-type=\"widget\" data-widget_type=\"divider.default\">\n\t\t\t\t<div class=\"elementor-widget-container\">\n\t\t\t\t\t\t\t<div class=\"elementor-divider\">\n\t\t\t<span class=\"elementor-divider-separator\">\n\t\t\t\t\t\t\t<div class=\"elementor-icon elementor-divider__element\">\n\t\t\t\t\t<i aria-hidden=\"true\" class=\"fas fa-hotel\"><\/i><\/div>\n\t\t\t\t\t\t<\/span>\n\t\t<\/div>\n\t\t\t\t\t\t<\/div>\n\t\t\t\t<\/div>\n\t\t\t\t<div class=\"elementor-element elementor-element-db532ed elementor-align-center elementor-widget elementor-widget-button\" data-id=\"db532ed\" data-element_type=\"widget\" data-e-type=\"widget\" data-widget_type=\"button.default\">\n\t\t\t\t<div class=\"elementor-widget-container\">\n\t\t\t\t\t\t\t\t\t<div class=\"elementor-button-wrapper\">\n\t\t\t\t\t<a class=\"elementor-button elementor-button-link elementor-size-xs\" href=\"https:\/\/direct-book.com\/properties\/HotelamStimbergparkDIRECT\" target=\"_blank\">\n\t\t\t\t\t\t<span class=\"elementor-button-content-wrapper\">\n\t\t\t\t\t\t\t\t\t<span class=\"elementor-button-text\">Buchen Sie hier Ihr Hotelzimmer<\/span>\n\t\t\t\t\t<\/span>\n\t\t\t\t\t<\/a>\n\t\t\t\t<\/div>\n\t\t\t\t\t\t\t\t<\/div>\n\t\t\t\t<\/div>\n\t\t\t\t\t<\/div>\n\t\t<\/div>\n\t\t\t\t\t<\/div>\n\t\t<\/section>\n\t\t\t\t<section class=\"elementor-section elementor-top-section elementor-element elementor-element-116186c elementor-section-boxed elementor-section-height-default elementor-section-height-default\" data-id=\"116186c\" data-element_type=\"section\" data-e-type=\"section\">\n\t\t\t\t\t\t<div class=\"elementor-container elementor-column-gap-default\">\n\t\t\t\t\t<div class=\"elementor-column elementor-col-100 elementor-top-column elementor-element elementor-element-1de3e1b\" data-id=\"1de3e1b\" data-element_type=\"column\" data-e-type=\"column\">\n\t\t\t<div class=\"elementor-widget-wrap elementor-element-populated\">\n\t\t\t\t\t\t<div class=\"elementor-element elementor-element-e8b991c elementor-widget elementor-widget-text-editor\" data-id=\"e8b991c\" data-element_type=\"widget\" data-e-type=\"widget\" data-widget_type=\"text-editor.default\">\n\t\t\t\t<div class=\"elementor-widget-container\">\n\t\t\t\t\t\t\t\t\t<p>Die Zimmerpreise sind exkl. Fr\u00fchst\u00fcck.<\/p><p>Hunde berechnen wir mit je 10,00 Euro pro Nacht<\/p><p>Anreise ab 16.00 \u2013 21.00 Uhr, Abreise bis 11.00 Uhr<\/p>\t\t\t\t\t\t\t\t<\/div>\n\t\t\t\t<\/div>\n\t\t\t\t\t<\/div>\n\t\t<\/div>\n\t\t\t\t\t<\/div>\n\t\t<\/section>\n\t\t\t\t<\/div>\n\t\t","protected":false},"excerpt":{"rendered":"<p>Hotel Ein Haus voller Flair pr\u00e4sentiert sich Ihnen, als idealer Rahmen f\u00fcr Seminare, Tagungen, Konferenzen, Bankette und Partys oder f\u00fcr einen langen oder kurzen Urlaub. Bestens geschultes Personal, hervorragend geeignete R\u00e4umlichkeiten, die gediegene Atmosph\u00e4re des Hauses und seine ruhige Lage sind Garant f\u00fcr das Gelingen Ihrer Veranstaltung, Seminare oder Schulung. Sie suchen Veranstaltungsm\u00f6glichkeiten verbunden mit [&hellip;]<\/p>\n","protected":false},"author":1,"featured_media":0,"parent":0,"menu_order":0,"comment_status":"closed","ping_status":"closed","template":"","meta":{"footnotes":""},"class_list":["post-50","page","type-page","status-publish","hentry"],"aioseo_notices":[],"_links":{"self":[{"href":"https:\/\/stimbergpark.de\/index.php?rest_route=\/wp\/v2\/pages\/50","targetHints":{"allow":["GET"]}}],"collection":[{"href":"https:\/\/stimbergpark.de\/index.php?rest_route=\/wp\/v2\/pages"}],"about":[{"href":"https:\/\/stimbergpark.de\/index.php?rest_route=\/wp\/v2\/types\/page"}],"author":[{"embeddable":true,"href":"https:\/\/stimbergpark.de\/index.php?rest_route=\/wp\/v2\/users\/1"}],"replies":[{"embeddable":true,"href":"https:\/\/stimbergpark.de\/index.php?rest_route=%2Fwp%2Fv2%2Fcomments&post=50"}],"version-history":[{"count":44,"href":"https:\/\/stimbergpark.de\/index.php?rest_route=\/wp\/v2\/pages\/50\/revisions"}],"predecessor-version":[{"id":689,"href":"https:\/\/stimbergpark.de\/index.php?rest_route=\/wp\/v2\/pages\/50\/revisions\/689"}],"wp:attachment":[{"href":"https:\/\/stimbergpark.de\/index.php?rest_route=%2Fwp%2Fv2%2Fmedia&parent=50"}],"curies":[{"name":"wp","href":"https:\/\/api.w.org\/{rel}","templated":true}]}}