{"id":48,"date":"2023-01-26T12:42:58","date_gmt":"2023-01-26T12:42:58","guid":{"rendered":"https:\/\/stimbergpark.de\/?page_id=48"},"modified":"2024-04-17T17:29:51","modified_gmt":"2024-04-17T17:29:51","slug":"agb","status":"publish","type":"page","link":"https:\/\/stimbergpark.de\/?page_id=48","title":{"rendered":"AGB"},"content":{"rendered":"\t\t<div data-elementor-type=\"wp-page\" data-elementor-id=\"48\" class=\"elementor elementor-48\" data-elementor-post-type=\"page\">\n\t\t\t\t\t\t<section class=\"elementor-section elementor-top-section elementor-element elementor-element-b5bb8fc elementor-section-boxed elementor-section-height-default elementor-section-height-default\" data-id=\"b5bb8fc\" data-element_type=\"section\" data-e-type=\"section\">\n\t\t\t\t\t\t<div class=\"elementor-container elementor-column-gap-default\">\n\t\t\t\t\t<div class=\"elementor-column elementor-col-100 elementor-top-column elementor-element elementor-element-6dc2b80\" data-id=\"6dc2b80\" data-element_type=\"column\" data-e-type=\"column\">\n\t\t\t<div class=\"elementor-widget-wrap elementor-element-populated\">\n\t\t\t\t\t\t<div class=\"elementor-element elementor-element-ec0b961 elementor-widget elementor-widget-heading\" data-id=\"ec0b961\" data-element_type=\"widget\" data-e-type=\"widget\" data-widget_type=\"heading.default\">\n\t\t\t\t<div class=\"elementor-widget-container\">\n\t\t\t\t\t<h2 class=\"elementor-heading-title elementor-size-default\">Allgemeine Gesch\u00e4ftsbedingungen<\/h2>\t\t\t\t<\/div>\n\t\t\t\t<\/div>\n\t\t\t\t\t<\/div>\n\t\t<\/div>\n\t\t\t\t\t<\/div>\n\t\t<\/section>\n\t\t\t\t<section class=\"elementor-section elementor-top-section elementor-element elementor-element-48407a1 elementor-section-boxed elementor-section-height-default elementor-section-height-default\" data-id=\"48407a1\" data-element_type=\"section\" data-e-type=\"section\">\n\t\t\t\t\t\t<div class=\"elementor-container elementor-column-gap-default\">\n\t\t\t\t\t<div class=\"elementor-column elementor-col-100 elementor-top-column elementor-element elementor-element-0ef941d\" data-id=\"0ef941d\" data-element_type=\"column\" data-e-type=\"column\">\n\t\t\t<div class=\"elementor-widget-wrap elementor-element-populated\">\n\t\t\t\t\t\t<div class=\"elementor-element elementor-element-672a359 elementor-widget elementor-widget-text-editor\" data-id=\"672a359\" data-element_type=\"widget\" data-e-type=\"widget\" data-widget_type=\"text-editor.default\">\n\t\t\t\t<div class=\"elementor-widget-container\">\n\t\t\t\t\t\t\t\t\t<p>1.\u00a0Die Gesch\u00e4ftsbedingungen gelten f\u00fcr Veranstaltungen in den Konferenz- und Bankettr\u00e4umen des Hotels sowie f\u00fcr alle weiteren damit zusammenh\u00e4ngenden Leistungen. Sie gelten entsprechend f\u00fcr andere R\u00e4ume, Vitrinen, Wand- und sonstige Fl\u00e4chen, die das Hotel zur Verf\u00fcgung stellt. F\u00fcr Zimmerreservierungen gelten gesonderte Bedingungen.<\/p><p>2.\u00a0Falls Auftraggeber nicht gleichzeitig Veranstalter ist, haftet er dem Hotel gegen\u00fcber mit dem Veranstalter als Gesamtschuldner.<\/p><p>3. Reservierungen von R\u00e4umlichkeiten werden mit der Annahme durch das Hotel bindend. F\u00fcr den Fall der Stornierung k\u00f6nnen<br \/>Bereitstellungskosten durch das Hotel in Rechnung gestellt werden, falls die R\u00e4umlichkeiten nicht anderweitig vergeben werden k\u00f6nnen. Bestellt der Veran-stalter binnen einer 72-Stunden-Frist eine Veran-staltung ab, so kann das Hotel die Bereitstellungskosten zuz\u00fcglich Ersatz von 80 % des entgangenen Umsatzes (Speisen) berechnen. Falls dieser Satz noch nicht festgelegt wurde, gilt der g\u00fcltige Mindestmen\u00fcpreis mal Personenzahl.<\/p><p>4.\u00a0Der Auftraggeber hat dem Hotel die garantierte Anzahl der Teilnehmer an einer Veranstaltung sp\u00e4testens 10 Arbeitstage vor dem Termin mitzuteilen. Tats\u00e4chlich entstehende Abweichungen<br \/>nach unten k\u00f6nnen in diesen Fristen nicht mehr ber\u00fccksichtigt werden. Die Garantie ist Basis der Abrechnung. \u00dcberschreitungen der Teilnehmerzahl nach oben gegen\u00fcber der garantierten Zahl werden zu max. 5% vom Hotel akzeptiert, das insoweit einen reibungslosen Verlauf der Veranstaltung gew\u00e4hrleistet. \u00dcber weitgehende \u00dcberschreitungen der Teilnehmerzahl bedarf es einer vorherigen Abstimmung mit dem Hotel. Bei \u00dcberschreitungen wird der Abrechnung die tats\u00e4chliche Teilnehmerzahl zugrunde gelegt.<\/p><p>5.\u00a0Der Auftraggeber haftet dem Hotel gegen\u00fcber f\u00fcr die Bezahlung etwaiger von den Veranstaltungsteilehmern zus\u00e4tzlich bestellten Speisen und Getr\u00e4nken.<\/p>\t\t\t\t\t\t\t\t<\/div>\n\t\t\t\t<\/div>\n\t\t\t\t<div class=\"elementor-element elementor-element-05f3779 elementor-widget elementor-widget-text-editor\" data-id=\"05f3779\" data-element_type=\"widget\" data-e-type=\"widget\" data-widget_type=\"text-editor.default\">\n\t\t\t\t<div class=\"elementor-widget-container\">\n\t\t\t\t\t\t\t\t\t<p>6.\u00a0F\u00fcr die Besch\u00e4digung oder Verlust an Einrichtung oder Inventar, die w\u00e4hrend der Veranstaltung verursacht wurden, haftet der Auftraggeber, ohne dass es eines Nachweises des Verschuldens durch das Hotel bedarf. F\u00fcr die Anbringung von Dekorationsmaterial oder von sonstigen Gegen-st\u00e4nden im Rahmen von Konferenz- und Bankettveranstaltungen \u00fcbernimmt das Hotel keine Haftung. S\u00e4mtliches Dekorationsma-terial muss den feuerpolizeilichen Anfor-derungen entsprechen. Vom Auftraggeber mitgebrachtes Dekorationsmaterial soll bis sp\u00e4testens 24 Stunden nach Ende der Veranstaltung wieder abgeholt werden.<\/p><p>7.\u00a0Eine etwaige notwendige Versicherung von mitgebrachten Ausstellungsgegenst\u00e4nden obliegt dem Auftraggeber. Das Hotel haftet nicht f\u00fcr abhanden gekommene oder besch\u00e4digte Gegenst\u00e4nde.<\/p><p>8.\u00a0Sollten St\u00f6rungen oder Defekte an dem vom Hotel zur Verf\u00fcgung gestellten technischen oder sonstigen Einrichtungen auftreten, so wird das Hotel unverz\u00fcglich f\u00fcr Abhilfe sorgen. Eine Zur\u00fcckbehaltung oder Minderung der Zahlung kann hieraus nicht hergeleitet werden.<\/p><p>9.\u00a0Das Mitbringen von Speisen und Getr\u00e4nken ist nicht gestattet.<\/p><p>10. Im Falle h\u00f6herer Gewalt (Brand, Streik u. a.) beh\u00e4lt sich das Hotel das Recht vor, den Auftrag zu stornieren.<\/p><p>11.\u00a0Die Rechnungen des Hotels sind binnen 7 Tagen ab Rechnungsdatum ohne Abzug zahlbar.<\/p><p>12.\u00a0Bei der Berechnung der Fristen wird der Tag des Einganges einer schriftlichen Stornierung beim Hotel nicht mitgerechnet.<\/p><p>13.<\/p><p style=\"font-weight: 400;\">Bei Stornierungen vereinzelter gebuchter Hotelzimmer oder der gesamten Reservierung erheben wir:<\/p><p style=\"font-weight: 400;\">&#8211; bis zu 3 Monate vor Anreiseantritt <u>keine<\/u> Stornogeb\u00fchren<\/p><p style=\"font-weight: 400;\">&#8211; bis 1 Monat vor Reiseantritt 50 % Stornogeb\u00fchren auf den Brutto &#8211; Logispreis<\/p><p style=\"font-weight: 400;\">&#8211; danach erheben wir Stornokosten in H\u00f6he von 80 % auf den Brutto \u2013 Logispreis.<\/p><p style=\"font-weight: 400;\">&#8211; bei Nichtanreise berechnen wir die gesamten Kosten.<\/p><p>14.\u00a0Erf\u00fcllungsort ist Oer-Erkenschwick und Gerichtstand ist Recklinghausen.<\/p><p>15.\u00a0Abweichende Vereinbarungen oder Nebenabreden bed\u00fcrfen zu ihrer Wirksamkeit der Schriftform.<\/p>\t\t\t\t\t\t\t\t<\/div>\n\t\t\t\t<\/div>\n\t\t\t\t\t<\/div>\n\t\t<\/div>\n\t\t\t\t\t<\/div>\n\t\t<\/section>\n\t\t\t\t<\/div>\n\t\t","protected":false},"excerpt":{"rendered":"<p>Allgemeine Gesch\u00e4ftsbedingungen 1.\u00a0Die Gesch\u00e4ftsbedingungen gelten f\u00fcr Veranstaltungen in den Konferenz- und Bankettr\u00e4umen des Hotels sowie f\u00fcr alle weiteren damit zusammenh\u00e4ngenden Leistungen. Sie gelten entsprechend f\u00fcr andere R\u00e4ume, Vitrinen, Wand- und sonstige Fl\u00e4chen, die das Hotel zur Verf\u00fcgung stellt. F\u00fcr Zimmerreservierungen gelten gesonderte Bedingungen. 2.\u00a0Falls Auftraggeber nicht gleichzeitig Veranstalter ist, haftet er dem Hotel gegen\u00fcber mit [&hellip;]<\/p>\n","protected":false},"author":1,"featured_media":0,"parent":0,"menu_order":0,"comment_status":"closed","ping_status":"closed","template":"","meta":{"footnotes":""},"class_list":["post-48","page","type-page","status-publish","hentry"],"aioseo_notices":[],"_links":{"self":[{"href":"https:\/\/stimbergpark.de\/index.php?rest_route=\/wp\/v2\/pages\/48","targetHints":{"allow":["GET"]}}],"collection":[{"href":"https:\/\/stimbergpark.de\/index.php?rest_route=\/wp\/v2\/pages"}],"about":[{"href":"https:\/\/stimbergpark.de\/index.php?rest_route=\/wp\/v2\/types\/page"}],"author":[{"embeddable":true,"href":"https:\/\/stimbergpark.de\/index.php?rest_route=\/wp\/v2\/users\/1"}],"replies":[{"embeddable":true,"href":"https:\/\/stimbergpark.de\/index.php?rest_route=%2Fwp%2Fv2%2Fcomments&post=48"}],"version-history":[{"count":10,"href":"https:\/\/stimbergpark.de\/index.php?rest_route=\/wp\/v2\/pages\/48\/revisions"}],"predecessor-version":[{"id":772,"href":"https:\/\/stimbergpark.de\/index.php?rest_route=\/wp\/v2\/pages\/48\/revisions\/772"}],"wp:attachment":[{"href":"https:\/\/stimbergpark.de\/index.php?rest_route=%2Fwp%2Fv2%2Fmedia&parent=48"}],"curies":[{"name":"wp","href":"https:\/\/api.w.org\/{rel}","templated":true}]}}